{"id":1039,"date":"2025-10-10T16:55:57","date_gmt":"2025-10-10T16:55:57","guid":{"rendered":"https:\/\/savonnerie-frimousse.fr\/?page_id=1039"},"modified":"2025-10-25T13:56:20","modified_gmt":"2025-10-25T13:56:20","slug":"la-savonnerie","status":"publish","type":"page","link":"https:\/\/savonnerie-frimousse.fr\/index.php\/la-savonnerie\/","title":{"rendered":"La Savonnerie"},"content":{"rendered":"\n<p>\ud83c\udf3f Pr\u00e9sentation<\/p>\n\n\n\n<p>Frimousse est une savonnerie artisanale ancr\u00e9e au c\u0153ur de la Bourgogne, entre Dijon, Verz\u00e9 et la r\u00e9gion lyonnaise.<br>Nous cr\u00e9ons des savons naturels fabriqu\u00e9s \u00e0 la main selon la m\u00e9thode de saponification \u00e0 froid, un proc\u00e9d\u00e9 doux qui pr\u00e9serve les bienfaits des huiles v\u00e9g\u00e9tales et de la glyc\u00e9rine naturelle.<\/p>\n\n\n\n<p>Chaque savon Frimousse est con\u00e7u avec soin \u00e0 partir d\u2019ingr\u00e9dients simples, locaux et respectueux de l\u2019environnement.<\/p>\n\n\n\n<p>Notre objectif : offrir des savons doux et nourrissants, adapt\u00e9s \u00e0 toutes les peaux, m\u00eame les plus sensibles.<\/p>\n\n\n\n<p>Engag\u00e9e dans une d\u00e9marche \u00e9thique et \u00e9coresponsable, la savonnerie Frimousse privil\u00e9gie les circuits courts, les mati\u00e8res premi\u00e8res durables et des emballages \u00e9coresponsables. <\/p>\n\n\n\n<p>Nos cr\u00e9ations refl\u00e8tent notre cr\u00e9ativit\u00e9, notre attachement \u00e0 la nature, \u00e0 la qualit\u00e9 artisanale et au bien-\u00eatre au quotidien.<\/p>\n","protected":false},"excerpt":{"rendered":"<p>\ud83c\udf3f Pr\u00e9sentation Frimousse est une savonnerie artisanale ancr\u00e9e au c\u0153ur de la Bourgogne, entre Dijon, Verz\u00e9 et la r\u00e9gion lyonnaise.Nous cr\u00e9ons des savons naturels fabriqu\u00e9s \u00e0 la main selon la m\u00e9thode de saponification \u00e0 froid, un proc\u00e9d\u00e9 doux qui pr\u00e9serve les bienfaits des huiles v\u00e9g\u00e9tales et de la glyc\u00e9rine naturelle.<span class=\"more-link theme-more-link\"><a href=\"https:\/\/savonnerie-frimousse.fr\/index.php\/la-savonnerie\/\">Continue Reading<\/a><\/span><\/p>\n","protected":false},"author":1,"featured_media":0,"parent":0,"menu_order":0,"comment_status":"closed","ping_status":"closed","template":"","meta":{"footnotes":""},"class_list":["entry","author-admin3917","post-1039","page","type-page","status-publish"],"_links":{"self":[{"href":"https:\/\/savonnerie-frimousse.fr\/index.php\/wp-json\/wp\/v2\/pages\/1039","targetHints":{"allow":["GET"]}}],"collection":[{"href":"https:\/\/savonnerie-frimousse.fr\/index.php\/wp-json\/wp\/v2\/pages"}],"about":[{"href":"https:\/\/savonnerie-frimousse.fr\/index.php\/wp-json\/wp\/v2\/types\/page"}],"author":[{"embeddable":true,"href":"https:\/\/savonnerie-frimousse.fr\/index.php\/wp-json\/wp\/v2\/users\/1"}],"replies":[{"embeddable":true,"href":"https:\/\/savonnerie-frimousse.fr\/index.php\/wp-json\/wp\/v2\/comments?post=1039"}],"version-history":[{"count":4,"href":"https:\/\/savonnerie-frimousse.fr\/index.php\/wp-json\/wp\/v2\/pages\/1039\/revisions"}],"predecessor-version":[{"id":1169,"href":"https:\/\/savonnerie-frimousse.fr\/index.php\/wp-json\/wp\/v2\/pages\/1039\/revisions\/1169"}],"wp:attachment":[{"href":"https:\/\/savonnerie-frimousse.fr\/index.php\/wp-json\/wp\/v2\/media?parent=1039"}],"curies":[{"name":"wp","href":"https:\/\/api.w.org\/{rel}","templated":true}]}}