{"id":8,"date":"2024-10-18T13:49:09","date_gmt":"2024-10-18T13:49:09","guid":{"rendered":"https:\/\/demo.wphoot.com\/wc2\/cart\/"},"modified":"2025-10-16T15:00:21","modified_gmt":"2025-10-16T15:00:21","slug":"cart","status":"publish","type":"page","link":"https:\/\/savonnerie-frimousse.fr\/index.php\/cart\/","title":{"rendered":"Panier"},"content":{"rendered":"\n<p><\/p>\n\n\n\n<blockquote class=\"wp-block-quote is-style-plain is-layout-flow wp-block-quote-is-layout-flow\">\n<p class=\"has-text-align-center\"><strong>Votre panier est vide.<\/strong> <\/p>\n<\/blockquote>\n\n\n\n<div data-block-name=\"woocommerce\/cart\" class=\"wp-block-woocommerce-cart is-loading\">\n<div data-block-name=\"woocommerce\/filled-cart-block\" class=\"wp-block-woocommerce-filled-cart-block\">\n<div data-block-name=\"woocommerce\/cart-items-block\" class=\"wp-block-woocommerce-cart-items-block\">\n<div data-block-name=\"woocommerce\/cart-line-items-block\" class=\"wp-block-woocommerce-cart-line-items-block\"><\/div>\n\n\n\n<div data-block-name=\"woocommerce\/cart-cross-sells-block\" class=\"wp-block-woocommerce-cart-cross-sells-block\">\n<h2 class=\"wp-block-heading has-large-font-size\">Vous \u00eates peut-\u00eatre int\u00e9ress\u00e9 par &#8230; <\/h2>\n\n\n\n<div data-block-name=\"woocommerce\/cart-cross-sells-products-block\" class=\"wp-block-woocommerce-cart-cross-sells-products-block\"><\/div>\n<\/div>\n<\/div>\n\n\n\n<div data-block-name=\"woocommerce\/cart-totals-block\" class=\"wp-block-woocommerce-cart-totals-block\">\n<div data-block-name=\"woocommerce\/cart-order-summary-block\" class=\"wp-block-woocommerce-cart-order-summary-block\">\n<div data-block-name=\"woocommerce\/cart-order-summary-heading-block\" data-content=\"Total panier\" class=\"wp-block-woocommerce-cart-order-summary-heading-block\"><\/div>\n\n\n\n<div data-block-name=\"woocommerce\/cart-order-summary-coupon-form-block\" class=\"wp-block-woocommerce-cart-order-summary-coupon-form-block\"><\/div>\n\n\n\n<div data-block-name=\"woocommerce\/cart-order-summary-totals-block\" class=\"wp-block-woocommerce-cart-order-summary-totals-block\">\n<div data-block-name=\"woocommerce\/cart-order-summary-subtotal-block\" class=\"wp-block-woocommerce-cart-order-summary-subtotal-block\"><\/div>\n\n\n\n<div data-block-name=\"woocommerce\/cart-order-summary-fee-block\" class=\"wp-block-woocommerce-cart-order-summary-fee-block\"><\/div>\n\n\n\n<div data-block-name=\"woocommerce\/cart-order-summary-discount-block\" class=\"wp-block-woocommerce-cart-order-summary-discount-block\"><\/div>\n\n\n\n<div data-block-name=\"woocommerce\/cart-order-summary-shipping-block\" class=\"wp-block-woocommerce-cart-order-summary-shipping-block\"><\/div>\n\n\n\n<div data-block-name=\"woocommerce\/cart-order-summary-taxes-block\" class=\"wp-block-woocommerce-cart-order-summary-taxes-block\"><\/div>\n<\/div>\n<\/div>\n\n\n\n<div data-block-name=\"woocommerce\/cart-express-payment-block\" class=\"wp-block-woocommerce-cart-express-payment-block\"><\/div>\n\n\n\n<div data-block-name=\"woocommerce\/proceed-to-checkout-block\" class=\"wp-block-woocommerce-proceed-to-checkout-block\"><\/div>\n\n\n\n<div data-block-name=\"woocommerce\/cart-accepted-payment-methods-block\" class=\"wp-block-woocommerce-cart-accepted-payment-methods-block\"><\/div>\n<\/div>\n<\/div>\n\n\n\n<div data-block-name=\"woocommerce\/empty-cart-block\" class=\"wp-block-woocommerce-empty-cart-block\">\n<blockquote class=\"wp-block-quote is-style-plain is-layout-flow wp-block-quote-is-layout-flow\">\n<h2 class=\"wp-block-heading alignfull has-text-align-center\">Boutique<\/h2>\n<\/blockquote>\n\n\n<div data-block-name=\"woocommerce\/product-new\" data-columns=\"4\" data-rows=\"1\" class=\"wc-block-grid wp-block-product-new wp-block-woocommerce-product-new wc-block-product-new has-4-columns alignfull\"><ul class=\"wc-block-grid__products\"><li class=\"wc-block-grid__product\">\n\t\t\t\t<a href=\"https:\/\/savonnerie-frimousse.fr\/index.php\/produit\/celui-qui-na-pas-de-nom\/\" class=\"wc-block-grid__product-link\">\n\t\t\t\t\t\n\t\t\t\t\t<div class=\"wc-block-grid__product-image\"><img loading=\"lazy\" decoding=\"async\" width=\"300\" height=\"300\" src=\"https:\/\/savonnerie-frimousse.fr\/wp-content\/uploads\/woocommerce-placeholder-300x300.webp\" class=\"woocommerce-placeholder wp-post-image\" alt=\"\" srcset=\"https:\/\/savonnerie-frimousse.fr\/wp-content\/uploads\/woocommerce-placeholder-300x300.webp 300w, https:\/\/savonnerie-frimousse.fr\/wp-content\/uploads\/woocommerce-placeholder-100x100.webp 100w, https:\/\/savonnerie-frimousse.fr\/wp-content\/uploads\/woocommerce-placeholder-600x600.webp 600w, https:\/\/savonnerie-frimousse.fr\/wp-content\/uploads\/woocommerce-placeholder-1024x1024.webp 1024w, https:\/\/savonnerie-frimousse.fr\/wp-content\/uploads\/woocommerce-placeholder-150x150.webp 150w, https:\/\/savonnerie-frimousse.fr\/wp-content\/uploads\/woocommerce-placeholder-768x768.webp 768w, https:\/\/savonnerie-frimousse.fr\/wp-content\/uploads\/woocommerce-placeholder-465x465.webp 465w, https:\/\/savonnerie-frimousse.fr\/wp-content\/uploads\/woocommerce-placeholder-500x500.webp 500w, https:\/\/savonnerie-frimousse.fr\/wp-content\/uploads\/woocommerce-placeholder.webp 1200w\" sizes=\"auto, (max-width: 300px) 100vw, 300px\" \/><\/div>\n\t\t\t\t\t<div class=\"wc-block-grid__product-title\">LE MOUSSE ET MERVEILLES<\/div>\n\t\t\t\t<\/a>\n\t\t\t\t<div class=\"wc-block-grid__product-price price\"><\/div>\n\t\t\t\t\n\t\t\t\t<div class=\"wp-block-button wc-block-grid__product-add-to-cart\"><a href=\"https:\/\/savonnerie-frimousse.fr\/index.php\/produit\/celui-qui-na-pas-de-nom\/\" aria-label=\"En savoir plus sur &ldquo;LE MOUSSE ET MERVEILLES&rdquo;\" data-quantity=\"1\" data-product_id=\"1008\" data-product_sku=\"\" data-price=\"0\" rel=\"nofollow\" class=\"wp-block-button__link  add_to_cart_button\">Lire la suite<\/a><\/div>\n\t\t\t<\/li><li class=\"wc-block-grid__product\">\n\t\t\t\t<a href=\"https:\/\/savonnerie-frimousse.fr\/index.php\/produit\/le-mousstache\/\" class=\"wc-block-grid__product-link\">\n\t\t\t\t\t\n\t\t\t\t\t<div class=\"wc-block-grid__product-image\"><img loading=\"lazy\" decoding=\"async\" width=\"300\" height=\"300\" src=\"https:\/\/savonnerie-frimousse.fr\/wp-content\/uploads\/2025\/10\/Le-Mousstache-300x300.png\" class=\"attachment-woocommerce_thumbnail size-woocommerce_thumbnail\" alt=\"LE MOUSS&#039;TACHE\" srcset=\"https:\/\/savonnerie-frimousse.fr\/wp-content\/uploads\/2025\/10\/Le-Mousstache-300x300.png 300w, https:\/\/savonnerie-frimousse.fr\/wp-content\/uploads\/2025\/10\/Le-Mousstache-150x150.png 150w, https:\/\/savonnerie-frimousse.fr\/wp-content\/uploads\/2025\/10\/Le-Mousstache-100x100.png 100w\" sizes=\"auto, (max-width: 300px) 100vw, 300px\" \/><\/div>\n\t\t\t\t\t<div class=\"wc-block-grid__product-title\">LE MOUSS&rsquo;TACHE<\/div>\n\t\t\t\t<\/a>\n\t\t\t\t<div class=\"wc-block-grid__product-price price\"><span class=\"woocommerce-Price-amount amount\" aria-hidden=\"true\">4,00&nbsp;<span class=\"woocommerce-Price-currencySymbol\">&euro;<\/span><\/span> <span aria-hidden=\"true\">\u00a0\u2013\u00a0<\/span> <span class=\"woocommerce-Price-amount amount\" aria-hidden=\"true\">8,00&nbsp;<span class=\"woocommerce-Price-currencySymbol\">&euro;<\/span><\/span><span class=\"screen-reader-text\">Plage de prix\u00a0: 4,00&nbsp;&euro; \u00e0 8,00&nbsp;&euro;<\/span><\/div>\n\t\t\t\t\n\t\t\t\t<div class=\"wp-block-button wc-block-grid__product-add-to-cart\"><a href=\"https:\/\/savonnerie-frimousse.fr\/index.php\/produit\/le-mousstache\/\" aria-label=\"S\u00e9lectionner les options pour &ldquo;LE MOUSS&#039;TACHE&rdquo;\" data-quantity=\"1\" data-product_id=\"1007\" data-product_sku=\"\" data-price=\"4\" rel=\"nofollow\" class=\"wp-block-button__link  add_to_cart_button\">Choix des options<\/a><\/div>\n\t\t\t<\/li><li class=\"wc-block-grid__product\">\n\t\t\t\t<a href=\"https:\/\/savonnerie-frimousse.fr\/index.php\/produit\/le-mousse-de-chanvre\/\" class=\"wc-block-grid__product-link\">\n\t\t\t\t\t\n\t\t\t\t\t<div class=\"wc-block-grid__product-image\"><img loading=\"lazy\" decoding=\"async\" width=\"300\" height=\"300\" src=\"https:\/\/savonnerie-frimousse.fr\/wp-content\/uploads\/2025\/10\/Le-Mousse-de-chanvre1-300x300.png\" class=\"attachment-woocommerce_thumbnail size-woocommerce_thumbnail\" alt=\"L&#039;\u00c9MOUSTILLE\" srcset=\"https:\/\/savonnerie-frimousse.fr\/wp-content\/uploads\/2025\/10\/Le-Mousse-de-chanvre1-300x300.png 300w, https:\/\/savonnerie-frimousse.fr\/wp-content\/uploads\/2025\/10\/Le-Mousse-de-chanvre1-150x150.png 150w, https:\/\/savonnerie-frimousse.fr\/wp-content\/uploads\/2025\/10\/Le-Mousse-de-chanvre1-100x100.png 100w\" sizes=\"auto, (max-width: 300px) 100vw, 300px\" \/><\/div>\n\t\t\t\t\t<div class=\"wc-block-grid__product-title\">L&rsquo;\u00c9MOUSTILLE<\/div>\n\t\t\t\t<\/a>\n\t\t\t\t<div class=\"wc-block-grid__product-price price\"><span class=\"woocommerce-Price-amount amount\">6,50&nbsp;<span class=\"woocommerce-Price-currencySymbol\">&euro;<\/span><\/span><\/div>\n\t\t\t\t\n\t\t\t\t<div class=\"wp-block-button wc-block-grid__product-add-to-cart\"><a href=\"\/index.php\/wp-json\/wp\/v2\/pages\/8?add-to-cart=1006\" aria-label=\"Ajouter au panier\u00a0: &ldquo;L&#039;\u00c9MOUSTILLE&rdquo;\" data-quantity=\"1\" data-product_id=\"1006\" data-product_sku=\"\" data-price=\"6.5\" rel=\"nofollow\" class=\"wp-block-button__link  add_to_cart_button ajax_add_to_cart\">Ajouter au panier<\/a><\/div>\n\t\t\t<\/li><li class=\"wc-block-grid__product\">\n\t\t\t\t<a href=\"https:\/\/savonnerie-frimousse.fr\/index.php\/produit\/le-ptit-mousse\/\" class=\"wc-block-grid__product-link\">\n\t\t\t\t\t\n\t\t\t\t\t<div class=\"wc-block-grid__product-image\"><img loading=\"lazy\" decoding=\"async\" width=\"300\" height=\"300\" src=\"https:\/\/savonnerie-frimousse.fr\/wp-content\/uploads\/2025\/10\/Le-Ptit-Mousse2-300x300.png\" class=\"attachment-woocommerce_thumbnail size-woocommerce_thumbnail\" alt=\"LE P&#039;TIT MOUSSE\" srcset=\"https:\/\/savonnerie-frimousse.fr\/wp-content\/uploads\/2025\/10\/Le-Ptit-Mousse2-300x300.png 300w, https:\/\/savonnerie-frimousse.fr\/wp-content\/uploads\/2025\/10\/Le-Ptit-Mousse2-150x150.png 150w, https:\/\/savonnerie-frimousse.fr\/wp-content\/uploads\/2025\/10\/Le-Ptit-Mousse2-100x100.png 100w\" sizes=\"auto, (max-width: 300px) 100vw, 300px\" \/><\/div>\n\t\t\t\t\t<div class=\"wc-block-grid__product-title\">LE P&rsquo;TIT MOUSSE<\/div>\n\t\t\t\t<\/a>\n\t\t\t\t<div class=\"wc-block-grid__product-price price\"><span class=\"woocommerce-Price-amount amount\">6,50&nbsp;<span class=\"woocommerce-Price-currencySymbol\">&euro;<\/span><\/span><\/div>\n\t\t\t\t\n\t\t\t\t<div class=\"wp-block-button wc-block-grid__product-add-to-cart\"><a href=\"\/index.php\/wp-json\/wp\/v2\/pages\/8?add-to-cart=1005\" aria-label=\"Ajouter au panier\u00a0: &ldquo;LE P&#039;TIT MOUSSE&rdquo;\" data-quantity=\"1\" data-product_id=\"1005\" data-product_sku=\"\" data-price=\"6.5\" rel=\"nofollow\" class=\"wp-block-button__link  add_to_cart_button ajax_add_to_cart\">Ajouter au panier<\/a><\/div>\n\t\t\t<\/li><\/ul><\/div><\/div>\n<\/div>\n","protected":false},"excerpt":{"rendered":"<p>Votre panier est vide.<span class=\"more-link theme-more-link\"><a href=\"https:\/\/savonnerie-frimousse.fr\/index.php\/cart\/\">Continue Reading<\/a><\/span><\/p>\n","protected":false},"author":1,"featured_media":0,"parent":0,"menu_order":0,"comment_status":"closed","ping_status":"closed","template":"","meta":{"footnotes":""},"class_list":["entry","author-admin3917","post-8","page","type-page","status-publish"],"_links":{"self":[{"href":"https:\/\/savonnerie-frimousse.fr\/index.php\/wp-json\/wp\/v2\/pages\/8","targetHints":{"allow":["GET"]}}],"collection":[{"href":"https:\/\/savonnerie-frimousse.fr\/index.php\/wp-json\/wp\/v2\/pages"}],"about":[{"href":"https:\/\/savonnerie-frimousse.fr\/index.php\/wp-json\/wp\/v2\/types\/page"}],"author":[{"embeddable":true,"href":"https:\/\/savonnerie-frimousse.fr\/index.php\/wp-json\/wp\/v2\/users\/1"}],"replies":[{"embeddable":true,"href":"https:\/\/savonnerie-frimousse.fr\/index.php\/wp-json\/wp\/v2\/comments?post=8"}],"version-history":[{"count":36,"href":"https:\/\/savonnerie-frimousse.fr\/index.php\/wp-json\/wp\/v2\/pages\/8\/revisions"}],"predecessor-version":[{"id":1107,"href":"https:\/\/savonnerie-frimousse.fr\/index.php\/wp-json\/wp\/v2\/pages\/8\/revisions\/1107"}],"wp:attachment":[{"href":"https:\/\/savonnerie-frimousse.fr\/index.php\/wp-json\/wp\/v2\/media?parent=8"}],"curies":[{"name":"wp","href":"https:\/\/api.w.org\/{rel}","templated":true}]}}