{"id":994,"date":"2025-10-10T15:13:43","date_gmt":"2025-10-10T15:13:43","guid":{"rendered":"https:\/\/savonnerie-frimousse.fr\/?page_id=994"},"modified":"2025-10-25T13:54:34","modified_gmt":"2025-10-25T13:54:34","slug":"faq","status":"publish","type":"page","link":"https:\/\/savonnerie-frimousse.fr\/index.php\/faq\/","title":{"rendered":"FAQ"},"content":{"rendered":"\n<p>Vous avez une question \u00e0 laquelle nous n&rsquo;avons pas encore r\u00e9pondu ? <\/p>\n\n\n\n<p>\u00c9crivez-nous par mail (contact@savonnerie-frimousse.fr) ou via notre <a href=\"https:\/\/savonnerie-frimousse.fr\/index.php\/contact\/\">formulaire de contact<\/a>.<\/p>\n\n\n\n<p><\/p>\n","protected":false},"excerpt":{"rendered":"<p>Vous avez une question \u00e0 laquelle nous n&rsquo;avons pas encore r\u00e9pondu ? \u00c9crivez-nous par mail (contact@savonnerie-frimousse.fr) ou via notre formulaire de contact.<span class=\"more-link theme-more-link\"><a href=\"https:\/\/savonnerie-frimousse.fr\/index.php\/faq\/\">Continue Reading<\/a><\/span><\/p>\n","protected":false},"author":1,"featured_media":0,"parent":0,"menu_order":0,"comment_status":"closed","ping_status":"closed","template":"","meta":{"footnotes":""},"class_list":["entry","author-admin3917","post-994","page","type-page","status-publish"],"_links":{"self":[{"href":"https:\/\/savonnerie-frimousse.fr\/index.php\/wp-json\/wp\/v2\/pages\/994","targetHints":{"allow":["GET"]}}],"collection":[{"href":"https:\/\/savonnerie-frimousse.fr\/index.php\/wp-json\/wp\/v2\/pages"}],"about":[{"href":"https:\/\/savonnerie-frimousse.fr\/index.php\/wp-json\/wp\/v2\/types\/page"}],"author":[{"embeddable":true,"href":"https:\/\/savonnerie-frimousse.fr\/index.php\/wp-json\/wp\/v2\/users\/1"}],"replies":[{"embeddable":true,"href":"https:\/\/savonnerie-frimousse.fr\/index.php\/wp-json\/wp\/v2\/comments?post=994"}],"version-history":[{"count":4,"href":"https:\/\/savonnerie-frimousse.fr\/index.php\/wp-json\/wp\/v2\/pages\/994\/revisions"}],"predecessor-version":[{"id":1166,"href":"https:\/\/savonnerie-frimousse.fr\/index.php\/wp-json\/wp\/v2\/pages\/994\/revisions\/1166"}],"wp:attachment":[{"href":"https:\/\/savonnerie-frimousse.fr\/index.php\/wp-json\/wp\/v2\/media?parent=994"}],"curies":[{"name":"wp","href":"https:\/\/api.w.org\/{rel}","templated":true}]}}