{"id":995,"date":"2025-10-10T15:13:43","date_gmt":"2025-10-10T15:13:43","guid":{"rendered":"https:\/\/savonnerie-frimousse.fr\/?page_id=995"},"modified":"2025-10-25T12:36:20","modified_gmt":"2025-10-25T12:36:20","slug":"les-bpf-bonnes-pratiques-de-fabrication","status":"publish","type":"page","link":"https:\/\/savonnerie-frimousse.fr\/index.php\/les-bpf-bonnes-pratiques-de-fabrication\/","title":{"rendered":"Les BPF (Bonnes pratiques de Fabrication)"},"content":{"rendered":"\n<p>Les <strong>BPF<\/strong> (Bonnes Pratiques de Fabrication) sont un ensemble de r\u00e8gles et de proc\u00e9dures visant \u00e0 garantir la qualit\u00e9, la s\u00e9curit\u00e9 et la tra\u00e7abilit\u00e9 des produits cosm\u00e9tiques, y compris les savons artisanaux.<br>Elles s\u2019appuient sur la norme ISO 22716 et sont obligatoires en Europe pour toute fabrication de cosm\u00e9tiques.<\/p>\n\n\n\n<p>La savonnerie artisanale Frimousse s&rsquo;engage donc au respect de ces BPF en garantissant une production de ses savons au sein de locaux propres, a\u00e9r\u00e9s et adapt\u00e9s. <\/p>\n\n\n\n<p>Le stockage de nos mati\u00e8res premi\u00e8res, la fabrication, le conditionnement et le stockage de nos produits finis sont effectu\u00e9s dans des zones pr\u00e9vues \u00e0 cet effet. <br>Ces zones font l&rsquo;effet d&rsquo;un nettoyage r\u00e9gulier, conform\u00e9ment aux normes d&rsquo;hygi\u00e8ne en vigueur tout comme les \u00e9quipements et ustensiles servant \u00e0 la fabrication de nos produits.<\/p>\n\n\n\n<p>Nos mati\u00e8res premi\u00e8res proviennent toutes d&rsquo;achats aupr\u00e8s de fournisseurs fiables et sont manipul\u00e9es par nos soins en respectant le port d&rsquo;EPI (\u00c9quipements de Protection Individuelle). Ces mati\u00e8res sont contr\u00f4l\u00e9es d\u00e8s leur r\u00e9ception.<\/p>\n\n\n\n<p>Nos produits sont issus de formules valid\u00e9es et d&rsquo;un processus de fabrication clair, dans lequel nous consignons les dosages utilis\u00e9s, les temp\u00e9ratures ext\u00e9rieures et de fabrication, les pes\u00e9es des produits finis, les heures de fabrication, de d\u00e9moulage et de s\u00e9chage. <\/p>\n\n\n\n<p>Chaque produit appartient donc \u00e0 un lot et b\u00e9n\u00e9ficie d&rsquo;un <strong>\u00e9tiquetage clair<\/strong> : nom, n\u00b0 de lot, composition, date de fabrication, poids ainsi que nos coordonn\u00e9es. <\/p>\n\n\n\n<p>Nous utilisons des emballages propres et adapt\u00e9s, respectueux de l&rsquo;environnement. Nos stocks sont g\u00e9r\u00e9s selon la r\u00e8gle FIFO (First In, First Out).<\/p>\n\n\n\n<p>En r\u00e9sum\u00e9, nous garantissons que chaque savon produit :<br>   \u2705est s\u00fbr pour le\/la consommateur\/consommatrice<br>   \u2705r\u00e9pond aux exigences r\u00e9glementaires en vigueur<br>   \u2705conserve la qualit\u00e9 artisanale tout en assurant une tra\u00e7abilit\u00e9 totale<\/p>\n","protected":false},"excerpt":{"rendered":"<p>Les BPF (Bonnes Pratiques de Fabrication) sont un ensemble de r\u00e8gles et de proc\u00e9dures visant \u00e0 garantir la qualit\u00e9, la s\u00e9curit\u00e9 et la tra\u00e7abilit\u00e9 des produits cosm\u00e9tiques, y compris les savons artisanaux.Elles s\u2019appuient sur la norme ISO 22716 et sont obligatoires en Europe pour toute fabrication de cosm\u00e9tiques. La savonnerie<span class=\"more-link theme-more-link\"><a href=\"https:\/\/savonnerie-frimousse.fr\/index.php\/les-bpf-bonnes-pratiques-de-fabrication\/\">Continue Reading<\/a><\/span><\/p>\n","protected":false},"author":1,"featured_media":0,"parent":0,"menu_order":0,"comment_status":"closed","ping_status":"closed","template":"","meta":{"footnotes":""},"class_list":["entry","author-admin3917","post-995","page","type-page","status-publish"],"_links":{"self":[{"href":"https:\/\/savonnerie-frimousse.fr\/index.php\/wp-json\/wp\/v2\/pages\/995","targetHints":{"allow":["GET"]}}],"collection":[{"href":"https:\/\/savonnerie-frimousse.fr\/index.php\/wp-json\/wp\/v2\/pages"}],"about":[{"href":"https:\/\/savonnerie-frimousse.fr\/index.php\/wp-json\/wp\/v2\/types\/page"}],"author":[{"embeddable":true,"href":"https:\/\/savonnerie-frimousse.fr\/index.php\/wp-json\/wp\/v2\/users\/1"}],"replies":[{"embeddable":true,"href":"https:\/\/savonnerie-frimousse.fr\/index.php\/wp-json\/wp\/v2\/comments?post=995"}],"version-history":[{"count":6,"href":"https:\/\/savonnerie-frimousse.fr\/index.php\/wp-json\/wp\/v2\/pages\/995\/revisions"}],"predecessor-version":[{"id":1159,"href":"https:\/\/savonnerie-frimousse.fr\/index.php\/wp-json\/wp\/v2\/pages\/995\/revisions\/1159"}],"wp:attachment":[{"href":"https:\/\/savonnerie-frimousse.fr\/index.php\/wp-json\/wp\/v2\/media?parent=995"}],"curies":[{"name":"wp","href":"https:\/\/api.w.org\/{rel}","templated":true}]}}