{"id":996,"date":"2025-10-10T15:13:43","date_gmt":"2025-10-10T15:13:43","guid":{"rendered":"https:\/\/savonnerie-frimousse.fr\/?page_id=996"},"modified":"2025-10-25T13:00:23","modified_gmt":"2025-10-25T13:00:23","slug":"la-saponification-a-froid","status":"publish","type":"page","link":"https:\/\/savonnerie-frimousse.fr\/index.php\/la-saponification-a-froid\/","title":{"rendered":"La Saponification \u00e0 froid"},"content":{"rendered":"\n<p>\ud83d\udd39 Qu\u2019est-ce que la saponification \u00e0 froid ?<\/p>\n\n\n\n<p>La saponification \u00e0 froid est un proc\u00e9d\u00e9 artisanal de fabrication du savon qui consiste \u00e0 m\u00e9langer des huiles ou beurres v\u00e9g\u00e9taux avec une solution de soude caustique (hydroxyde de sodium).<br><br>La r\u00e9action chimique naturelle entre la soude et les corps gras produit deux \u00e9l\u00e9ments :<br>&#8211; du savon (sels d\u2019acides gras),<br>&#8211; et de la glyc\u00e9rine v\u00e9g\u00e9tale, naturellement issue du processus.<\/p>\n\n\n\n<p>Contrairement \u00e0 la saponification industrielle ou \u00e0 chaud :<br>&#8211; la p\u00e2te \u00e0 savon n\u2019est pas chauff\u00e9e fortement<br>&#8211; le savon m\u00fbrit lentement \u00e0 temp\u00e9rature ambiante pendant 4 \u00e0 6 semaines (p\u00e9riode de \u00ab\u00a0cure\u00a0\u00bb).<\/p>\n\n\n\n<p>\ud83c\udf3f Avantages<\/p>\n\n\n\n<p>La saponification \u00e0 froid garantit un respect de la peau, car les savons produits sont riches en glyc\u00e9rine naturelle (hydratante et adoucissante), non retir\u00e9e comme dans les savons industriels.<\/p>\n\n\n\n<p>Les huiles v\u00e9g\u00e9tales sont partiellement non saponifi\u00e9es, laissant un surgras qui nourrit et prot\u00e8ge la peau. Ce proc\u00e9d\u00e9 convient aux peaux sensibles, s\u00e8ches ou atopiques.<\/p>\n\n\n\n<p>Nos savons sont fabriqu\u00e9s \u00e0 partir d\u2019ingr\u00e9dients simples et tra\u00e7ables : huiles v\u00e9g\u00e9tales, beurres, soude, \u00e9ventuellement huiles essentielles et colorants naturels. Ils ne contiennent donc pas de tensioactifs synth\u00e9tiques, ni de conservateurs ou additifs agressifs<\/p>\n\n\n\n<p>La saponification \u00e0 froid s&rsquo;inscrit dans le respect de l&rsquo;environnement. La fabrication requiert une basse consommation d\u2019\u00e9nergie (pas de cuisson prolong\u00e9e) et nos produits sont biod\u00e9gradables et emball\u00e9s de mani\u00e8re \u00e9coresponsable.<\/p>\n\n\n\n<p>Enfin, chaque savon est fabriqu\u00e9 \u00e0 la main, pour des productions en petites s\u00e9ries. Leur aspect, texture et parfum peuvent varier l\u00e9g\u00e8rement d\u2019un lot \u00e0 l\u2019autre, ce qui est un gage d\u2019authenticit\u00e9.<\/p>\n\n\n\n<p>\ud83d\udca7 En r\u00e9sum\u00e9<\/p>\n\n\n\n<p>La saponification \u00e0 froid est une m\u00e9thode douce et artisanale qui permet de cr\u00e9er des savons riches en glyc\u00e9rine, surgras et naturels, bons pour la peau et pour la plan\u00e8te.<\/p>\n\n\n\n<p>Elle valorise le savoir-faire manuel, la simplicit\u00e9 des ingr\u00e9dients et une cosm\u00e9tique plus responsable.<\/p>\n","protected":false},"excerpt":{"rendered":"<p>\ud83d\udd39 Qu\u2019est-ce que la saponification \u00e0 froid ? La saponification \u00e0 froid est un proc\u00e9d\u00e9 artisanal de fabrication du savon qui consiste \u00e0 m\u00e9langer des huiles ou beurres v\u00e9g\u00e9taux avec une solution de soude caustique (hydroxyde de sodium). La r\u00e9action chimique naturelle entre la soude et les corps gras produit<span class=\"more-link theme-more-link\"><a href=\"https:\/\/savonnerie-frimousse.fr\/index.php\/la-saponification-a-froid\/\">Continue Reading<\/a><\/span><\/p>\n","protected":false},"author":1,"featured_media":0,"parent":0,"menu_order":0,"comment_status":"closed","ping_status":"closed","template":"","meta":{"footnotes":""},"class_list":["entry","author-admin3917","post-996","page","type-page","status-publish"],"_links":{"self":[{"href":"https:\/\/savonnerie-frimousse.fr\/index.php\/wp-json\/wp\/v2\/pages\/996","targetHints":{"allow":["GET"]}}],"collection":[{"href":"https:\/\/savonnerie-frimousse.fr\/index.php\/wp-json\/wp\/v2\/pages"}],"about":[{"href":"https:\/\/savonnerie-frimousse.fr\/index.php\/wp-json\/wp\/v2\/types\/page"}],"author":[{"embeddable":true,"href":"https:\/\/savonnerie-frimousse.fr\/index.php\/wp-json\/wp\/v2\/users\/1"}],"replies":[{"embeddable":true,"href":"https:\/\/savonnerie-frimousse.fr\/index.php\/wp-json\/wp\/v2\/comments?post=996"}],"version-history":[{"count":4,"href":"https:\/\/savonnerie-frimousse.fr\/index.php\/wp-json\/wp\/v2\/pages\/996\/revisions"}],"predecessor-version":[{"id":1162,"href":"https:\/\/savonnerie-frimousse.fr\/index.php\/wp-json\/wp\/v2\/pages\/996\/revisions\/1162"}],"wp:attachment":[{"href":"https:\/\/savonnerie-frimousse.fr\/index.php\/wp-json\/wp\/v2\/media?parent=996"}],"curies":[{"name":"wp","href":"https:\/\/api.w.org\/{rel}","templated":true}]}}