{"id":1006,"date":"2025-10-10T15:15:44","date_gmt":"2025-10-10T15:15:44","guid":{"rendered":"https:\/\/savonnerie-frimousse.fr\/?post_type=product&#038;p=1006"},"modified":"2025-10-25T13:48:00","modified_gmt":"2025-10-25T13:48:00","slug":"le-mousse-de-chanvre","status":"publish","type":"product","link":"https:\/\/savonnerie-frimousse.fr\/index.php\/produit\/le-mousse-de-chanvre\/","title":{"rendered":"L&rsquo;\u00c9MOUSTILLE"},"content":{"rendered":"<p>L&rsquo;\u00c9moustille est un savon qui doit sa couleur verte \u00e0 l&rsquo;huile de chanvre.<\/p>\n<p><i class=\"fas fa-bottle-droplet\"><\/i> <strong>Revitalisant et \u00e9quilibrant :<\/strong> l\u2019huile de chanvre est riche en om\u00e9ga 3 et 6, id\u00e9ale pour les peaux s\u00e8ches ou irrit\u00e9es.<br \/>\n<i class=\"fas fa-hand-sparkles\"><\/i> La chlorophylle et les graines de chanvre donnent une <strong>touche exfoliante<\/strong> l\u00e9g\u00e8re et purifiante.<br \/>\n<i class=\"fas fa-spray-can-sparkles\"><\/i><strong> Fra\u00eecheur tonique<\/strong> gr\u00e2ce aux huiles essentielles de pin, menthe et cannelle.<\/p>\n<p><i class=\"fas fa-weight-scale\"><\/i> Poids : 100 grammes<\/p>\n<h3>Composition<\/h3>\n<p>Huile d&rsquo;olive, Huile de Chanvre, Huile de Coco, Huile essentielle de cannelle, Huile essentielle de menthe des champs, Huile essentielle de pin.<\/p>\n<p>Tous les produits sont issus de l&rsquo;Agriculture Biologique.<\/p>\n<p>Fabrication artisanale par <a href=\"https:\/\/savonnerie-frimousse.fr\/index.php\/la-saponification-a-froid\/\">saponification \u00e0 froid<\/a>.<\/p>\n","protected":false},"excerpt":{"rendered":"<p>Hulk l&rsquo;utilise au quotidien.<span class=\"more-link theme-more-link\"><a href=\"https:\/\/savonnerie-frimousse.fr\/index.php\/produit\/le-mousse-de-chanvre\/\">Continue Reading<\/a><\/span><\/p>\n","protected":false},"featured_media":1060,"comment_status":"open","ping_status":"closed","template":"","meta":[],"product_brand":[],"product_cat":[32],"product_tag":[],"class_list":{"0":"entry","1":"author-admin3917","2":"has-excerpt","3":"post-1006","4":"product","5":"type-product","6":"status-publish","7":"has-post-thumbnail","8":"product_cat-savons","10":"first","11":"instock","12":"shipping-taxable","13":"purchasable","14":"product-type-simple"},"_links":{"self":[{"href":"https:\/\/savonnerie-frimousse.fr\/index.php\/wp-json\/wp\/v2\/product\/1006","targetHints":{"allow":["GET"]}}],"collection":[{"href":"https:\/\/savonnerie-frimousse.fr\/index.php\/wp-json\/wp\/v2\/product"}],"about":[{"href":"https:\/\/savonnerie-frimousse.fr\/index.php\/wp-json\/wp\/v2\/types\/product"}],"replies":[{"embeddable":true,"href":"https:\/\/savonnerie-frimousse.fr\/index.php\/wp-json\/wp\/v2\/comments?post=1006"}],"wp:featuredmedia":[{"embeddable":true,"href":"https:\/\/savonnerie-frimousse.fr\/index.php\/wp-json\/wp\/v2\/media\/1060"}],"wp:attachment":[{"href":"https:\/\/savonnerie-frimousse.fr\/index.php\/wp-json\/wp\/v2\/media?parent=1006"}],"wp:term":[{"taxonomy":"product_brand","embeddable":true,"href":"https:\/\/savonnerie-frimousse.fr\/index.php\/wp-json\/wp\/v2\/product_brand?post=1006"},{"taxonomy":"product_cat","embeddable":true,"href":"https:\/\/savonnerie-frimousse.fr\/index.php\/wp-json\/wp\/v2\/product_cat?post=1006"},{"taxonomy":"product_tag","embeddable":true,"href":"https:\/\/savonnerie-frimousse.fr\/index.php\/wp-json\/wp\/v2\/product_tag?post=1006"}],"curies":[{"name":"wp","href":"https:\/\/api.w.org\/{rel}","templated":true}]}}